{"id":1047,"date":"2023-08-28T21:16:00","date_gmt":"2023-08-28T19:16:00","guid":{"rendered":"https:\/\/lumignonsetcompagnie.com\/?page_id=1047"},"modified":"2023-10-15T17:18:23","modified_gmt":"2023-10-15T15:18:23","slug":"restauration","status":"publish","type":"page","link":"https:\/\/lumignonsetcompagnie.com\/index.php\/restauration\/","title":{"rendered":"R\u00e9nover"},"content":{"rendered":"\n<h2 class=\"wp-block-heading\"><\/h2>\n\n\n\n<p class=\"has-text-color\" style=\"color:#bab784\">J&rsquo;aime r\u00e9cup\u00e9rer des objets abandonn\u00e9s, hors d&rsquo;usage et travailler \u00e0 ce qu&rsquo;ils retrouvent belle allure. J&rsquo;utilise des mati\u00e8res sobres et naturelles et use de techniques artisanales. L&rsquo;observation et la patience s&rsquo;accordent \u00e0 l&rsquo;art du tressage pour un r\u00e9sultat chic et intemporel.<\/p>\n\n\n\n<p><\/p>\n\n\n\n<div class=\"wp-block-group\"><div class=\"wp-block-group__inner-container is-layout-constrained wp-block-group-is-layout-constrained\">\n<div class=\"wp-block-columns is-layout-flex wp-container-core-columns-is-layout-9d6595d7 wp-block-columns-is-layout-flex\">\n<div class=\"wp-block-column is-layout-flow wp-block-column-is-layout-flow\" style=\"flex-basis:100%\">\n<div class=\"wp-block-group alignfull is-vertical is-layout-flex wp-container-core-group-is-layout-8cf370e7 wp-block-group-is-layout-flex\">\n<figure class=\"wp-block-gallery alignfull has-nested-images columns-default is-cropped wp-block-gallery-1 is-layout-flex wp-block-gallery-is-layout-flex\">\n<figure class=\"wp-block-image size-full\"><img loading=\"lazy\" decoding=\"async\" width=\"497\" height=\"640\" data-id=\"1143\" src=\"https:\/\/lumignonsetcompagnie.com\/wp-content\/uploads\/2023\/09\/IMG_1643.jpg\" alt=\"\" class=\"wp-image-1143\" srcset=\"https:\/\/lumignonsetcompagnie.com\/wp-content\/uploads\/2023\/09\/IMG_1643.jpg 497w, https:\/\/lumignonsetcompagnie.com\/wp-content\/uploads\/2023\/09\/IMG_1643-233x300.jpg 233w, https:\/\/lumignonsetcompagnie.com\/wp-content\/uploads\/2023\/09\/IMG_1643-47x60.jpg 47w\" sizes=\"auto, (max-width: 497px) 100vw, 497px\" \/><\/figure>\n\n\n\n<figure class=\"wp-block-image size-large\"><img loading=\"lazy\" decoding=\"async\" width=\"480\" height=\"640\" data-id=\"1068\" src=\"https:\/\/lumignonsetcompagnie.com\/wp-content\/uploads\/2023\/09\/IMG_1616-1-rotated.jpg\" alt=\"\" class=\"wp-image-1068\" srcset=\"https:\/\/lumignonsetcompagnie.com\/wp-content\/uploads\/2023\/09\/IMG_1616-1-rotated.jpg 480w, https:\/\/lumignonsetcompagnie.com\/wp-content\/uploads\/2023\/09\/IMG_1616-1-225x300.jpg 225w, https:\/\/lumignonsetcompagnie.com\/wp-content\/uploads\/2023\/09\/IMG_1616-1-45x60.jpg 45w\" sizes=\"auto, (max-width: 480px) 100vw, 480px\" \/><\/figure>\n\n\n\n<figure class=\"wp-block-image size-large\"><img loading=\"lazy\" decoding=\"async\" width=\"480\" height=\"640\" data-id=\"1067\" src=\"https:\/\/lumignonsetcompagnie.com\/wp-content\/uploads\/2023\/09\/IMG_1615-rotated.jpg\" alt=\"\" class=\"wp-image-1067\" srcset=\"https:\/\/lumignonsetcompagnie.com\/wp-content\/uploads\/2023\/09\/IMG_1615-rotated.jpg 480w, https:\/\/lumignonsetcompagnie.com\/wp-content\/uploads\/2023\/09\/IMG_1615-225x300.jpg 225w, https:\/\/lumignonsetcompagnie.com\/wp-content\/uploads\/2023\/09\/IMG_1615-45x60.jpg 45w\" sizes=\"auto, (max-width: 480px) 100vw, 480px\" \/><\/figure>\n\n\n\n<figure class=\"wp-block-image size-large\"><img loading=\"lazy\" decoding=\"async\" width=\"556\" height=\"640\" data-id=\"1065\" src=\"https:\/\/lumignonsetcompagnie.com\/wp-content\/uploads\/2023\/09\/IMG_1614-1.jpg\" alt=\"\" class=\"wp-image-1065\" srcset=\"https:\/\/lumignonsetcompagnie.com\/wp-content\/uploads\/2023\/09\/IMG_1614-1.jpg 556w, https:\/\/lumignonsetcompagnie.com\/wp-content\/uploads\/2023\/09\/IMG_1614-1-261x300.jpg 261w, https:\/\/lumignonsetcompagnie.com\/wp-content\/uploads\/2023\/09\/IMG_1614-1-52x60.jpg 52w\" sizes=\"auto, (max-width: 556px) 100vw, 556px\" \/><\/figure>\n<\/figure>\n<\/div>\n<\/div>\n<\/div>\n<\/div><\/div>\n\n\n\n<pre class=\"wp-block-verse has-text-align-center\" style=\"font-size:16px\"><em>R\u00e9novation d'un<\/em> <em>fauteuil : je n'ai gard\u00e9 que la structure en m\u00e9tal, le tressage a \u00e9t\u00e9 r\u00e9alis\u00e9 avec la corde danoise.<\/em><\/pre>\n","protected":false},"excerpt":{"rendered":"<p>J&rsquo;aime r\u00e9cup\u00e9rer des objets abandonn\u00e9s, hors d&rsquo;usage et travailler \u00e0 ce qu&rsquo;ils retrouvent belle allure. J&rsquo;utilise des mati\u00e8res sobres et naturelles et use de techniques &hellip; <\/p>\n","protected":false},"author":2,"featured_media":0,"parent":0,"menu_order":0,"comment_status":"closed","ping_status":"closed","template":"","meta":{"iawp_total_views":138,"footnotes":""},"class_list":["post-1047","page","type-page","status-publish","hentry"],"yoast_head":"<!-- This site is optimized with the Yoast SEO plugin v27.4 - https:\/\/yoast.com\/product\/yoast-seo-wordpress\/ -->\n<title>R\u00e9nover - Lumignons et compagnie<\/title>\n<meta name=\"robots\" content=\"index, follow, max-snippet:-1, max-image-preview:large, max-video-preview:-1\" \/>\n<link rel=\"canonical\" href=\"https:\/\/lumignonsetcompagnie.com\/index.php\/restauration\/\" \/>\n<meta property=\"og:locale\" content=\"fr_FR\" \/>\n<meta property=\"og:type\" content=\"article\" \/>\n<meta property=\"og:title\" content=\"R\u00e9nover - Lumignons et compagnie\" \/>\n<meta property=\"og:description\" content=\"J&rsquo;aime r\u00e9cup\u00e9rer des objets abandonn\u00e9s, hors d&rsquo;usage et travailler \u00e0 ce qu&rsquo;ils retrouvent belle allure. J&rsquo;utilise des mati\u00e8res sobres et naturelles et use de techniques &hellip;\" \/>\n<meta property=\"og:url\" content=\"https:\/\/lumignonsetcompagnie.com\/index.php\/restauration\/\" \/>\n<meta property=\"og:site_name\" content=\"Lumignons et compagnie\" \/>\n<meta property=\"article:modified_time\" content=\"2023-10-15T15:18:23+00:00\" \/>\n<meta property=\"og:image\" content=\"https:\/\/lumignonsetcompagnie.com\/wp-content\/uploads\/2023\/09\/IMG_1643.jpg\" \/>\n<meta name=\"twitter:card\" content=\"summary_large_image\" \/>\n<script type=\"application\/ld+json\" class=\"yoast-schema-graph\">{\"@context\":\"https:\\\/\\\/schema.org\",\"@graph\":[{\"@type\":\"WebPage\",\"@id\":\"https:\\\/\\\/lumignonsetcompagnie.com\\\/index.php\\\/restauration\\\/\",\"url\":\"https:\\\/\\\/lumignonsetcompagnie.com\\\/index.php\\\/restauration\\\/\",\"name\":\"R\u00e9nover - Lumignons et compagnie\",\"isPartOf\":{\"@id\":\"https:\\\/\\\/lumignonsetcompagnie.com\\\/#website\"},\"primaryImageOfPage\":{\"@id\":\"https:\\\/\\\/lumignonsetcompagnie.com\\\/index.php\\\/restauration\\\/#primaryimage\"},\"image\":{\"@id\":\"https:\\\/\\\/lumignonsetcompagnie.com\\\/index.php\\\/restauration\\\/#primaryimage\"},\"thumbnailUrl\":\"https:\\\/\\\/lumignonsetcompagnie.com\\\/wp-content\\\/uploads\\\/2023\\\/09\\\/IMG_1643.jpg\",\"datePublished\":\"2023-08-28T19:16:00+00:00\",\"dateModified\":\"2023-10-15T15:18:23+00:00\",\"breadcrumb\":{\"@id\":\"https:\\\/\\\/lumignonsetcompagnie.com\\\/index.php\\\/restauration\\\/#breadcrumb\"},\"inLanguage\":\"fr-FR\",\"potentialAction\":[{\"@type\":\"ReadAction\",\"target\":[\"https:\\\/\\\/lumignonsetcompagnie.com\\\/index.php\\\/restauration\\\/\"]}]},{\"@type\":\"ImageObject\",\"inLanguage\":\"fr-FR\",\"@id\":\"https:\\\/\\\/lumignonsetcompagnie.com\\\/index.php\\\/restauration\\\/#primaryimage\",\"url\":\"https:\\\/\\\/lumignonsetcompagnie.com\\\/wp-content\\\/uploads\\\/2023\\\/09\\\/IMG_1643.jpg\",\"contentUrl\":\"https:\\\/\\\/lumignonsetcompagnie.com\\\/wp-content\\\/uploads\\\/2023\\\/09\\\/IMG_1643.jpg\",\"width\":497,\"height\":640},{\"@type\":\"BreadcrumbList\",\"@id\":\"https:\\\/\\\/lumignonsetcompagnie.com\\\/index.php\\\/restauration\\\/#breadcrumb\",\"itemListElement\":[{\"@type\":\"ListItem\",\"position\":1,\"name\":\"Accueil\",\"item\":\"https:\\\/\\\/lumignonsetcompagnie.com\\\/\"},{\"@type\":\"ListItem\",\"position\":2,\"name\":\"R\u00e9nover\"}]},{\"@type\":\"WebSite\",\"@id\":\"https:\\\/\\\/lumignonsetcompagnie.com\\\/#website\",\"url\":\"https:\\\/\\\/lumignonsetcompagnie.com\\\/\",\"name\":\"Lumignons et compagnie\",\"description\":\"Objets d&#039;art et vannerie\",\"potentialAction\":[{\"@type\":\"SearchAction\",\"target\":{\"@type\":\"EntryPoint\",\"urlTemplate\":\"https:\\\/\\\/lumignonsetcompagnie.com\\\/?s={search_term_string}\"},\"query-input\":{\"@type\":\"PropertyValueSpecification\",\"valueRequired\":true,\"valueName\":\"search_term_string\"}}],\"inLanguage\":\"fr-FR\"}]}<\/script>\n<!-- \/ Yoast SEO plugin. -->","yoast_head_json":{"title":"R\u00e9nover - Lumignons et compagnie","robots":{"index":"index","follow":"follow","max-snippet":"max-snippet:-1","max-image-preview":"max-image-preview:large","max-video-preview":"max-video-preview:-1"},"canonical":"https:\/\/lumignonsetcompagnie.com\/index.php\/restauration\/","og_locale":"fr_FR","og_type":"article","og_title":"R\u00e9nover - Lumignons et compagnie","og_description":"J&rsquo;aime r\u00e9cup\u00e9rer des objets abandonn\u00e9s, hors d&rsquo;usage et travailler \u00e0 ce qu&rsquo;ils retrouvent belle allure. J&rsquo;utilise des mati\u00e8res sobres et naturelles et use de techniques &hellip;","og_url":"https:\/\/lumignonsetcompagnie.com\/index.php\/restauration\/","og_site_name":"Lumignons et compagnie","article_modified_time":"2023-10-15T15:18:23+00:00","og_image":[{"url":"https:\/\/lumignonsetcompagnie.com\/wp-content\/uploads\/2023\/09\/IMG_1643.jpg","type":"","width":"","height":""}],"twitter_card":"summary_large_image","schema":{"@context":"https:\/\/schema.org","@graph":[{"@type":"WebPage","@id":"https:\/\/lumignonsetcompagnie.com\/index.php\/restauration\/","url":"https:\/\/lumignonsetcompagnie.com\/index.php\/restauration\/","name":"R\u00e9nover - Lumignons et compagnie","isPartOf":{"@id":"https:\/\/lumignonsetcompagnie.com\/#website"},"primaryImageOfPage":{"@id":"https:\/\/lumignonsetcompagnie.com\/index.php\/restauration\/#primaryimage"},"image":{"@id":"https:\/\/lumignonsetcompagnie.com\/index.php\/restauration\/#primaryimage"},"thumbnailUrl":"https:\/\/lumignonsetcompagnie.com\/wp-content\/uploads\/2023\/09\/IMG_1643.jpg","datePublished":"2023-08-28T19:16:00+00:00","dateModified":"2023-10-15T15:18:23+00:00","breadcrumb":{"@id":"https:\/\/lumignonsetcompagnie.com\/index.php\/restauration\/#breadcrumb"},"inLanguage":"fr-FR","potentialAction":[{"@type":"ReadAction","target":["https:\/\/lumignonsetcompagnie.com\/index.php\/restauration\/"]}]},{"@type":"ImageObject","inLanguage":"fr-FR","@id":"https:\/\/lumignonsetcompagnie.com\/index.php\/restauration\/#primaryimage","url":"https:\/\/lumignonsetcompagnie.com\/wp-content\/uploads\/2023\/09\/IMG_1643.jpg","contentUrl":"https:\/\/lumignonsetcompagnie.com\/wp-content\/uploads\/2023\/09\/IMG_1643.jpg","width":497,"height":640},{"@type":"BreadcrumbList","@id":"https:\/\/lumignonsetcompagnie.com\/index.php\/restauration\/#breadcrumb","itemListElement":[{"@type":"ListItem","position":1,"name":"Accueil","item":"https:\/\/lumignonsetcompagnie.com\/"},{"@type":"ListItem","position":2,"name":"R\u00e9nover"}]},{"@type":"WebSite","@id":"https:\/\/lumignonsetcompagnie.com\/#website","url":"https:\/\/lumignonsetcompagnie.com\/","name":"Lumignons et compagnie","description":"Objets d&#039;art et vannerie","potentialAction":[{"@type":"SearchAction","target":{"@type":"EntryPoint","urlTemplate":"https:\/\/lumignonsetcompagnie.com\/?s={search_term_string}"},"query-input":{"@type":"PropertyValueSpecification","valueRequired":true,"valueName":"search_term_string"}}],"inLanguage":"fr-FR"}]}},"_links":{"self":[{"href":"https:\/\/lumignonsetcompagnie.com\/index.php\/wp-json\/wp\/v2\/pages\/1047","targetHints":{"allow":["GET"]}}],"collection":[{"href":"https:\/\/lumignonsetcompagnie.com\/index.php\/wp-json\/wp\/v2\/pages"}],"about":[{"href":"https:\/\/lumignonsetcompagnie.com\/index.php\/wp-json\/wp\/v2\/types\/page"}],"author":[{"embeddable":true,"href":"https:\/\/lumignonsetcompagnie.com\/index.php\/wp-json\/wp\/v2\/users\/2"}],"replies":[{"embeddable":true,"href":"https:\/\/lumignonsetcompagnie.com\/index.php\/wp-json\/wp\/v2\/comments?post=1047"}],"version-history":[{"count":14,"href":"https:\/\/lumignonsetcompagnie.com\/index.php\/wp-json\/wp\/v2\/pages\/1047\/revisions"}],"predecessor-version":[{"id":1225,"href":"https:\/\/lumignonsetcompagnie.com\/index.php\/wp-json\/wp\/v2\/pages\/1047\/revisions\/1225"}],"wp:attachment":[{"href":"https:\/\/lumignonsetcompagnie.com\/index.php\/wp-json\/wp\/v2\/media?parent=1047"}],"curies":[{"name":"wp","href":"https:\/\/api.w.org\/{rel}","templated":true}]}}