{"id":336,"date":"2021-11-05T19:22:57","date_gmt":"2021-11-05T18:22:57","guid":{"rendered":"http:\/\/lumignonsetcompagnie.com\/?page_id=336"},"modified":"2026-03-26T13:19:04","modified_gmt":"2026-03-26T12:19:04","slug":"miroirs","status":"publish","type":"page","link":"https:\/\/lumignonsetcompagnie.com\/index.php\/miroirs\/","title":{"rendered":"Miroirs"},"content":{"rendered":"\n<p class=\"has-text-align-center has-medium-font-size\"><\/p>\n\n\n\n<div class=\"wp-block-columns alignfull is-layout-flex wp-container-core-columns-is-layout-9d6595d7 wp-block-columns-is-layout-flex\">\n<div class=\"wp-block-column is-layout-flow wp-block-column-is-layout-flow\" style=\"flex-basis:50%\">\n<div class=\"wp-block-cover is-light\" style=\"min-height:600px;aspect-ratio:unset;\"><span aria-hidden=\"true\" class=\"wp-block-cover__background has-background-dim-100 has-background-dim\" style=\"background-color:#f6f6f6\"><\/span><div class=\"wp-block-cover__inner-container is-layout-flow wp-block-cover-is-layout-flow\"><div class=\"wp-block-image\">\n<figure class=\"aligncenter size-large is-resized\"><img loading=\"lazy\" decoding=\"async\" width=\"1024\" height=\"768\" src=\"https:\/\/lumignonsetcompagnie.com\/wp-content\/uploads\/2023\/07\/P1010137-1024x768.jpg\" alt=\"\" class=\"wp-image-671\" style=\"width:464px;height:348px\" srcset=\"https:\/\/lumignonsetcompagnie.com\/wp-content\/uploads\/2023\/07\/P1010137-1024x768.jpg 1024w, https:\/\/lumignonsetcompagnie.com\/wp-content\/uploads\/2023\/07\/P1010137-300x225.jpg 300w, https:\/\/lumignonsetcompagnie.com\/wp-content\/uploads\/2023\/07\/P1010137-768x576.jpg 768w, https:\/\/lumignonsetcompagnie.com\/wp-content\/uploads\/2023\/07\/P1010137-1536x1152.jpg 1536w, https:\/\/lumignonsetcompagnie.com\/wp-content\/uploads\/2023\/07\/P1010137-2048x1536.jpg 2048w, https:\/\/lumignonsetcompagnie.com\/wp-content\/uploads\/2023\/07\/P1010137-80x60.jpg 80w\" sizes=\"auto, (max-width: 1024px) 100vw, 1024px\" \/><\/figure>\n<\/div>\n\n\n<p class=\"has-text-align-center has-pale-pink-color has-text-color\" style=\"font-size:23px\"><em>Fleur<\/em><\/p>\n<\/div><\/div>\n<\/div>\n\n\n\n<div class=\"wp-block-column is-vertically-aligned-center is-layout-flow wp-block-column-is-layout-flow\" style=\"padding-top:1em;padding-right:1em;padding-bottom:1em;padding-left:1em\">\n<div class=\"wp-block-columns is-layout-flex wp-container-core-columns-is-layout-9d6595d7 wp-block-columns-is-layout-flex\">\n<div class=\"wp-block-column is-layout-flow wp-block-column-is-layout-flow\" style=\"flex-basis:320px\">\n<p class=\"has-small-font-size\" style=\"line-height:1.6\"><strong>Mod\u00e8le 1<\/strong><\/p>\n\n\n\n<p class=\"has-small-font-size\" style=\"line-height:1.6\">Miroir rond, le tressage est r\u00e9alis\u00e9 avec une moelle de rotin de 2 millim\u00e8tre de diam\u00e8tre. <\/p>\n\n\n\n<p class=\"has-small-font-size\" style=\"line-height:1.6\">La moelle de rotin provient d&rsquo;une liane, cette fibre naturelle peut se teinter.<\/p>\n\n\n\n<div style=\"height:193px\" aria-hidden=\"true\" class=\"wp-block-spacer\"><\/div>\n\n\n\n<div class=\"wp-block-buttons is-layout-flex wp-container-core-buttons-is-layout-132b0da8 wp-block-buttons-is-layout-flex\">\n<div class=\"wp-block-button has-custom-width wp-block-button__width-75 is-style-fill\"><a class=\"wp-block-button__link has-pale-pink-background-color has-text-color has-background wp-element-button\" style=\"color:#06593c\">Prix : 50 euros<\/a><\/div>\n<\/div>\n<\/div>\n<\/div>\n<\/div>\n<\/div>\n\n\n\n<div class=\"wp-block-columns alignfull is-layout-flex wp-container-core-columns-is-layout-9d6595d7 wp-block-columns-is-layout-flex\">\n<div class=\"wp-block-column is-layout-flow wp-block-column-is-layout-flow\" style=\"flex-basis:50%\">\n<div class=\"wp-block-cover is-light\" style=\"min-height:600px;aspect-ratio:unset;\"><span aria-hidden=\"true\" class=\"wp-block-cover__background has-background-dim-100 has-background-dim\" style=\"background-color:#f6f6f6\"><\/span><div class=\"wp-block-cover__inner-container is-layout-flow wp-block-cover-is-layout-flow\"><div class=\"wp-block-image\">\n<figure class=\"aligncenter size-large is-resized\"><img loading=\"lazy\" decoding=\"async\" width=\"1024\" height=\"768\" src=\"https:\/\/lumignonsetcompagnie.com\/wp-content\/uploads\/2021\/11\/P1090755-1024x768.jpg\" alt=\"\" class=\"wp-image-272\" style=\"width:466px;height:350px\" srcset=\"https:\/\/lumignonsetcompagnie.com\/wp-content\/uploads\/2021\/11\/P1090755-1024x768.jpg 1024w, https:\/\/lumignonsetcompagnie.com\/wp-content\/uploads\/2021\/11\/P1090755-300x225.jpg 300w, https:\/\/lumignonsetcompagnie.com\/wp-content\/uploads\/2021\/11\/P1090755-768x576.jpg 768w, https:\/\/lumignonsetcompagnie.com\/wp-content\/uploads\/2021\/11\/P1090755-1536x1152.jpg 1536w, https:\/\/lumignonsetcompagnie.com\/wp-content\/uploads\/2021\/11\/P1090755-80x60.jpg 80w, https:\/\/lumignonsetcompagnie.com\/wp-content\/uploads\/2021\/11\/P1090755.jpg 2048w\" sizes=\"auto, (max-width: 1024px) 100vw, 1024px\" \/><\/figure>\n<\/div>\n\n\n<p class=\"has-text-align-center has-pale-pink-color has-text-color\" style=\"font-size:23px\"><em>Fleur<\/em><\/p>\n<\/div><\/div>\n<\/div>\n\n\n\n<div class=\"wp-block-column is-vertically-aligned-center is-layout-flow wp-block-column-is-layout-flow\" style=\"padding-top:1em;padding-right:1em;padding-bottom:1em;padding-left:1em\">\n<div class=\"wp-block-columns is-layout-flex wp-container-core-columns-is-layout-9d6595d7 wp-block-columns-is-layout-flex\">\n<div class=\"wp-block-column is-layout-flow wp-block-column-is-layout-flow\" style=\"flex-basis:320px\">\n<p class=\"has-small-font-size\" style=\"line-height:1.6\"><strong>Mod\u00e8le 2<\/strong><\/p>\n\n\n\n<p class=\"has-small-font-size\" style=\"line-height:1.6\">Le diam\u00e8tre de ce miroir se d\u00e9cline selon les envies et les projets. Le tressage s&rsquo;adapte au format de la glace.<\/p>\n\n\n\n<div style=\"height:281px\" aria-hidden=\"true\" class=\"wp-block-spacer\"><\/div>\n\n\n\n<div class=\"wp-block-buttons is-layout-flex wp-block-buttons-is-layout-flex\">\n<div class=\"wp-block-button\"><a class=\"wp-block-button__link has-pale-pink-background-color has-text-color has-background wp-element-button\" style=\"color:#085539\">Prix : 70 euros<\/a><\/div>\n<\/div>\n<\/div>\n<\/div>\n<\/div>\n<\/div>\n","protected":false},"excerpt":{"rendered":"<p>Mod\u00e8le 1 Miroir rond, le tressage est r\u00e9alis\u00e9 avec une moelle de rotin de 2 millim\u00e8tre de diam\u00e8tre. La moelle de rotin provient d&rsquo;une liane, &hellip; <\/p>\n","protected":false},"author":1,"featured_media":0,"parent":0,"menu_order":0,"comment_status":"closed","ping_status":"closed","template":"","meta":{"iawp_total_views":175,"footnotes":""},"class_list":["post-336","page","type-page","status-publish","hentry"],"yoast_head":"<!-- This site is optimized with the Yoast SEO plugin v27.5 - https:\/\/yoast.com\/product\/yoast-seo-wordpress\/ -->\n<title>Miroirs - Lumignons et compagnie<\/title>\n<meta name=\"robots\" content=\"index, follow, max-snippet:-1, max-image-preview:large, max-video-preview:-1\" \/>\n<link rel=\"canonical\" href=\"https:\/\/lumignonsetcompagnie.com\/index.php\/miroirs\/\" \/>\n<meta property=\"og:locale\" content=\"fr_FR\" \/>\n<meta property=\"og:type\" content=\"article\" \/>\n<meta property=\"og:title\" content=\"Miroirs - Lumignons et compagnie\" \/>\n<meta property=\"og:description\" content=\"Mod\u00e8le 1 Miroir rond, le tressage est r\u00e9alis\u00e9 avec une moelle de rotin de 2 millim\u00e8tre de diam\u00e8tre. La moelle de rotin provient d&rsquo;une liane, &hellip;\" \/>\n<meta property=\"og:url\" content=\"https:\/\/lumignonsetcompagnie.com\/index.php\/miroirs\/\" \/>\n<meta property=\"og:site_name\" content=\"Lumignons et compagnie\" \/>\n<meta property=\"article:modified_time\" content=\"2026-03-26T12:19:04+00:00\" \/>\n<meta property=\"og:image\" content=\"https:\/\/lumignonsetcompagnie.com\/wp-content\/uploads\/2023\/07\/P1010137-scaled.jpg\" \/>\n\t<meta property=\"og:image:width\" content=\"2560\" \/>\n\t<meta property=\"og:image:height\" content=\"1920\" \/>\n\t<meta property=\"og:image:type\" content=\"image\/jpeg\" \/>\n<meta name=\"twitter:card\" content=\"summary_large_image\" \/>\n<meta name=\"twitter:label1\" content=\"Dur\u00e9e de lecture estim\u00e9e\" \/>\n\t<meta name=\"twitter:data1\" content=\"1 minute\" \/>\n<script type=\"application\/ld+json\" class=\"yoast-schema-graph\">{\"@context\":\"https:\\\/\\\/schema.org\",\"@graph\":[{\"@type\":\"WebPage\",\"@id\":\"https:\\\/\\\/lumignonsetcompagnie.com\\\/index.php\\\/miroirs\\\/\",\"url\":\"https:\\\/\\\/lumignonsetcompagnie.com\\\/index.php\\\/miroirs\\\/\",\"name\":\"Miroirs - Lumignons et compagnie\",\"isPartOf\":{\"@id\":\"https:\\\/\\\/lumignonsetcompagnie.com\\\/#website\"},\"primaryImageOfPage\":{\"@id\":\"https:\\\/\\\/lumignonsetcompagnie.com\\\/index.php\\\/miroirs\\\/#primaryimage\"},\"image\":{\"@id\":\"https:\\\/\\\/lumignonsetcompagnie.com\\\/index.php\\\/miroirs\\\/#primaryimage\"},\"thumbnailUrl\":\"https:\\\/\\\/lumignonsetcompagnie.com\\\/wp-content\\\/uploads\\\/2023\\\/07\\\/P1010137-1024x768.jpg\",\"datePublished\":\"2021-11-05T18:22:57+00:00\",\"dateModified\":\"2026-03-26T12:19:04+00:00\",\"breadcrumb\":{\"@id\":\"https:\\\/\\\/lumignonsetcompagnie.com\\\/index.php\\\/miroirs\\\/#breadcrumb\"},\"inLanguage\":\"fr-FR\",\"potentialAction\":[{\"@type\":\"ReadAction\",\"target\":[\"https:\\\/\\\/lumignonsetcompagnie.com\\\/index.php\\\/miroirs\\\/\"]}]},{\"@type\":\"ImageObject\",\"inLanguage\":\"fr-FR\",\"@id\":\"https:\\\/\\\/lumignonsetcompagnie.com\\\/index.php\\\/miroirs\\\/#primaryimage\",\"url\":\"https:\\\/\\\/lumignonsetcompagnie.com\\\/wp-content\\\/uploads\\\/2023\\\/07\\\/P1010137-scaled.jpg\",\"contentUrl\":\"https:\\\/\\\/lumignonsetcompagnie.com\\\/wp-content\\\/uploads\\\/2023\\\/07\\\/P1010137-scaled.jpg\",\"width\":2560,\"height\":1920,\"caption\":\"OLYMPUS DIGITAL CAMERA\"},{\"@type\":\"BreadcrumbList\",\"@id\":\"https:\\\/\\\/lumignonsetcompagnie.com\\\/index.php\\\/miroirs\\\/#breadcrumb\",\"itemListElement\":[{\"@type\":\"ListItem\",\"position\":1,\"name\":\"Accueil\",\"item\":\"https:\\\/\\\/lumignonsetcompagnie.com\\\/\"},{\"@type\":\"ListItem\",\"position\":2,\"name\":\"Miroirs\"}]},{\"@type\":\"WebSite\",\"@id\":\"https:\\\/\\\/lumignonsetcompagnie.com\\\/#website\",\"url\":\"https:\\\/\\\/lumignonsetcompagnie.com\\\/\",\"name\":\"Lumignons et compagnie\",\"description\":\"Objets d&#039;art et vannerie\",\"potentialAction\":[{\"@type\":\"SearchAction\",\"target\":{\"@type\":\"EntryPoint\",\"urlTemplate\":\"https:\\\/\\\/lumignonsetcompagnie.com\\\/?s={search_term_string}\"},\"query-input\":{\"@type\":\"PropertyValueSpecification\",\"valueRequired\":true,\"valueName\":\"search_term_string\"}}],\"inLanguage\":\"fr-FR\"}]}<\/script>\n<!-- \/ Yoast SEO plugin. -->","yoast_head_json":{"title":"Miroirs - Lumignons et compagnie","robots":{"index":"index","follow":"follow","max-snippet":"max-snippet:-1","max-image-preview":"max-image-preview:large","max-video-preview":"max-video-preview:-1"},"canonical":"https:\/\/lumignonsetcompagnie.com\/index.php\/miroirs\/","og_locale":"fr_FR","og_type":"article","og_title":"Miroirs - Lumignons et compagnie","og_description":"Mod\u00e8le 1 Miroir rond, le tressage est r\u00e9alis\u00e9 avec une moelle de rotin de 2 millim\u00e8tre de diam\u00e8tre. La moelle de rotin provient d&rsquo;une liane, &hellip;","og_url":"https:\/\/lumignonsetcompagnie.com\/index.php\/miroirs\/","og_site_name":"Lumignons et compagnie","article_modified_time":"2026-03-26T12:19:04+00:00","og_image":[{"width":2560,"height":1920,"url":"https:\/\/lumignonsetcompagnie.com\/wp-content\/uploads\/2023\/07\/P1010137-scaled.jpg","type":"image\/jpeg"}],"twitter_card":"summary_large_image","twitter_misc":{"Dur\u00e9e de lecture estim\u00e9e":"1 minute"},"schema":{"@context":"https:\/\/schema.org","@graph":[{"@type":"WebPage","@id":"https:\/\/lumignonsetcompagnie.com\/index.php\/miroirs\/","url":"https:\/\/lumignonsetcompagnie.com\/index.php\/miroirs\/","name":"Miroirs - Lumignons et compagnie","isPartOf":{"@id":"https:\/\/lumignonsetcompagnie.com\/#website"},"primaryImageOfPage":{"@id":"https:\/\/lumignonsetcompagnie.com\/index.php\/miroirs\/#primaryimage"},"image":{"@id":"https:\/\/lumignonsetcompagnie.com\/index.php\/miroirs\/#primaryimage"},"thumbnailUrl":"https:\/\/lumignonsetcompagnie.com\/wp-content\/uploads\/2023\/07\/P1010137-1024x768.jpg","datePublished":"2021-11-05T18:22:57+00:00","dateModified":"2026-03-26T12:19:04+00:00","breadcrumb":{"@id":"https:\/\/lumignonsetcompagnie.com\/index.php\/miroirs\/#breadcrumb"},"inLanguage":"fr-FR","potentialAction":[{"@type":"ReadAction","target":["https:\/\/lumignonsetcompagnie.com\/index.php\/miroirs\/"]}]},{"@type":"ImageObject","inLanguage":"fr-FR","@id":"https:\/\/lumignonsetcompagnie.com\/index.php\/miroirs\/#primaryimage","url":"https:\/\/lumignonsetcompagnie.com\/wp-content\/uploads\/2023\/07\/P1010137-scaled.jpg","contentUrl":"https:\/\/lumignonsetcompagnie.com\/wp-content\/uploads\/2023\/07\/P1010137-scaled.jpg","width":2560,"height":1920,"caption":"OLYMPUS DIGITAL CAMERA"},{"@type":"BreadcrumbList","@id":"https:\/\/lumignonsetcompagnie.com\/index.php\/miroirs\/#breadcrumb","itemListElement":[{"@type":"ListItem","position":1,"name":"Accueil","item":"https:\/\/lumignonsetcompagnie.com\/"},{"@type":"ListItem","position":2,"name":"Miroirs"}]},{"@type":"WebSite","@id":"https:\/\/lumignonsetcompagnie.com\/#website","url":"https:\/\/lumignonsetcompagnie.com\/","name":"Lumignons et compagnie","description":"Objets d&#039;art et vannerie","potentialAction":[{"@type":"SearchAction","target":{"@type":"EntryPoint","urlTemplate":"https:\/\/lumignonsetcompagnie.com\/?s={search_term_string}"},"query-input":{"@type":"PropertyValueSpecification","valueRequired":true,"valueName":"search_term_string"}}],"inLanguage":"fr-FR"}]}},"_links":{"self":[{"href":"https:\/\/lumignonsetcompagnie.com\/index.php\/wp-json\/wp\/v2\/pages\/336","targetHints":{"allow":["GET"]}}],"collection":[{"href":"https:\/\/lumignonsetcompagnie.com\/index.php\/wp-json\/wp\/v2\/pages"}],"about":[{"href":"https:\/\/lumignonsetcompagnie.com\/index.php\/wp-json\/wp\/v2\/types\/page"}],"author":[{"embeddable":true,"href":"https:\/\/lumignonsetcompagnie.com\/index.php\/wp-json\/wp\/v2\/users\/1"}],"replies":[{"embeddable":true,"href":"https:\/\/lumignonsetcompagnie.com\/index.php\/wp-json\/wp\/v2\/comments?post=336"}],"version-history":[{"count":37,"href":"https:\/\/lumignonsetcompagnie.com\/index.php\/wp-json\/wp\/v2\/pages\/336\/revisions"}],"predecessor-version":[{"id":1588,"href":"https:\/\/lumignonsetcompagnie.com\/index.php\/wp-json\/wp\/v2\/pages\/336\/revisions\/1588"}],"wp:attachment":[{"href":"https:\/\/lumignonsetcompagnie.com\/index.php\/wp-json\/wp\/v2\/media?parent=336"}],"curies":[{"name":"wp","href":"https:\/\/api.w.org\/{rel}","templated":true}]}}