{"id":843,"date":"2023-07-27T14:31:09","date_gmt":"2023-07-27T12:31:09","guid":{"rendered":"https:\/\/lumignonsetcompagnie.com\/?page_id=843"},"modified":"2023-09-23T16:19:08","modified_gmt":"2023-09-23T14:19:08","slug":"le-panier-rond","status":"publish","type":"page","link":"https:\/\/lumignonsetcompagnie.com\/index.php\/le-panier-rond\/","title":{"rendered":"Le panier rond"},"content":{"rendered":"\n<div class=\"wp-block-media-text alignwide has-media-on-the-right is-stacked-on-mobile\"><div class=\"wp-block-media-text__content\">\n<p class=\"has-small-font-size\">        A l&rsquo;origine, ce panier servait \u00e0 transporter la r\u00e9colte de fruits. Il est tr\u00e8s pratique au quotidien et sa forme \u00e9vas\u00e9e offre une belle contenance. Fabriqu\u00e9 en osier brut, il apporte une note po\u00e9tique et chaleureuse \u00e0 votre cuisine. <\/p>\n\n\n\n<pre class=\"wp-block-verse has-text-align-right has-small-font-size\">\nDimensions : ci-contre,  fond 23 cm, hauteur sous bordure 18 cm\n\n\n<\/pre>\n\n\n\n<p class=\"has-text-align-right\" style=\"font-size:13px\"> Prix :  50 \u00e0 90 euros <\/p>\n<\/div><figure class=\"wp-block-media-text__media\"><img loading=\"lazy\" decoding=\"async\" width=\"535\" height=\"640\" src=\"https:\/\/lumignonsetcompagnie.com\/wp-content\/uploads\/2023\/09\/IMG_1452.jpg\" alt=\"\" class=\"wp-image-1109 size-full\" srcset=\"https:\/\/lumignonsetcompagnie.com\/wp-content\/uploads\/2023\/09\/IMG_1452.jpg 535w, https:\/\/lumignonsetcompagnie.com\/wp-content\/uploads\/2023\/09\/IMG_1452-251x300.jpg 251w, https:\/\/lumignonsetcompagnie.com\/wp-content\/uploads\/2023\/09\/IMG_1452-50x60.jpg 50w\" sizes=\"auto, (max-width: 535px) 100vw, 535px\" \/><\/figure><\/div>\n","protected":false},"excerpt":{"rendered":"<p>A l&rsquo;origine, ce panier servait \u00e0 transporter la r\u00e9colte de fruits. Il est tr\u00e8s pratique au quotidien et sa forme \u00e9vas\u00e9e offre une belle contenance. &hellip; <\/p>\n","protected":false},"author":2,"featured_media":0,"parent":0,"menu_order":0,"comment_status":"closed","ping_status":"closed","template":"","meta":{"iawp_total_views":50,"footnotes":""},"class_list":["post-843","page","type-page","status-publish","hentry"],"yoast_head":"<!-- This site is optimized with the Yoast SEO plugin v27.4 - https:\/\/yoast.com\/product\/yoast-seo-wordpress\/ -->\n<title>Le panier rond - Lumignons et compagnie<\/title>\n<meta name=\"robots\" content=\"index, follow, max-snippet:-1, max-image-preview:large, max-video-preview:-1\" \/>\n<link rel=\"canonical\" href=\"https:\/\/lumignonsetcompagnie.com\/index.php\/le-panier-rond\/\" \/>\n<meta property=\"og:locale\" content=\"fr_FR\" \/>\n<meta property=\"og:type\" content=\"article\" \/>\n<meta property=\"og:title\" content=\"Le panier rond - Lumignons et compagnie\" \/>\n<meta property=\"og:description\" content=\"A l&rsquo;origine, ce panier servait \u00e0 transporter la r\u00e9colte de fruits. Il est tr\u00e8s pratique au quotidien et sa forme \u00e9vas\u00e9e offre une belle contenance. &hellip;\" \/>\n<meta property=\"og:url\" content=\"https:\/\/lumignonsetcompagnie.com\/index.php\/le-panier-rond\/\" \/>\n<meta property=\"og:site_name\" content=\"Lumignons et compagnie\" \/>\n<meta property=\"article:modified_time\" content=\"2023-09-23T14:19:08+00:00\" \/>\n<meta property=\"og:image\" content=\"https:\/\/lumignonsetcompagnie.com\/wp-content\/uploads\/2023\/09\/IMG_1452.jpg\" \/>\n<meta name=\"twitter:card\" content=\"summary_large_image\" \/>\n<script type=\"application\/ld+json\" class=\"yoast-schema-graph\">{\"@context\":\"https:\\\/\\\/schema.org\",\"@graph\":[{\"@type\":\"WebPage\",\"@id\":\"https:\\\/\\\/lumignonsetcompagnie.com\\\/index.php\\\/le-panier-rond\\\/\",\"url\":\"https:\\\/\\\/lumignonsetcompagnie.com\\\/index.php\\\/le-panier-rond\\\/\",\"name\":\"Le panier rond - Lumignons et compagnie\",\"isPartOf\":{\"@id\":\"https:\\\/\\\/lumignonsetcompagnie.com\\\/#website\"},\"primaryImageOfPage\":{\"@id\":\"https:\\\/\\\/lumignonsetcompagnie.com\\\/index.php\\\/le-panier-rond\\\/#primaryimage\"},\"image\":{\"@id\":\"https:\\\/\\\/lumignonsetcompagnie.com\\\/index.php\\\/le-panier-rond\\\/#primaryimage\"},\"thumbnailUrl\":\"https:\\\/\\\/lumignonsetcompagnie.com\\\/wp-content\\\/uploads\\\/2023\\\/09\\\/IMG_1452.jpg\",\"datePublished\":\"2023-07-27T12:31:09+00:00\",\"dateModified\":\"2023-09-23T14:19:08+00:00\",\"breadcrumb\":{\"@id\":\"https:\\\/\\\/lumignonsetcompagnie.com\\\/index.php\\\/le-panier-rond\\\/#breadcrumb\"},\"inLanguage\":\"fr-FR\",\"potentialAction\":[{\"@type\":\"ReadAction\",\"target\":[\"https:\\\/\\\/lumignonsetcompagnie.com\\\/index.php\\\/le-panier-rond\\\/\"]}]},{\"@type\":\"ImageObject\",\"inLanguage\":\"fr-FR\",\"@id\":\"https:\\\/\\\/lumignonsetcompagnie.com\\\/index.php\\\/le-panier-rond\\\/#primaryimage\",\"url\":\"https:\\\/\\\/lumignonsetcompagnie.com\\\/wp-content\\\/uploads\\\/2023\\\/09\\\/IMG_1452.jpg\",\"contentUrl\":\"https:\\\/\\\/lumignonsetcompagnie.com\\\/wp-content\\\/uploads\\\/2023\\\/09\\\/IMG_1452.jpg\",\"width\":535,\"height\":640},{\"@type\":\"BreadcrumbList\",\"@id\":\"https:\\\/\\\/lumignonsetcompagnie.com\\\/index.php\\\/le-panier-rond\\\/#breadcrumb\",\"itemListElement\":[{\"@type\":\"ListItem\",\"position\":1,\"name\":\"Accueil\",\"item\":\"https:\\\/\\\/lumignonsetcompagnie.com\\\/\"},{\"@type\":\"ListItem\",\"position\":2,\"name\":\"Le panier rond\"}]},{\"@type\":\"WebSite\",\"@id\":\"https:\\\/\\\/lumignonsetcompagnie.com\\\/#website\",\"url\":\"https:\\\/\\\/lumignonsetcompagnie.com\\\/\",\"name\":\"Lumignons et compagnie\",\"description\":\"Objets d&#039;art et vannerie\",\"potentialAction\":[{\"@type\":\"SearchAction\",\"target\":{\"@type\":\"EntryPoint\",\"urlTemplate\":\"https:\\\/\\\/lumignonsetcompagnie.com\\\/?s={search_term_string}\"},\"query-input\":{\"@type\":\"PropertyValueSpecification\",\"valueRequired\":true,\"valueName\":\"search_term_string\"}}],\"inLanguage\":\"fr-FR\"}]}<\/script>\n<!-- \/ Yoast SEO plugin. -->","yoast_head_json":{"title":"Le panier rond - Lumignons et compagnie","robots":{"index":"index","follow":"follow","max-snippet":"max-snippet:-1","max-image-preview":"max-image-preview:large","max-video-preview":"max-video-preview:-1"},"canonical":"https:\/\/lumignonsetcompagnie.com\/index.php\/le-panier-rond\/","og_locale":"fr_FR","og_type":"article","og_title":"Le panier rond - Lumignons et compagnie","og_description":"A l&rsquo;origine, ce panier servait \u00e0 transporter la r\u00e9colte de fruits. Il est tr\u00e8s pratique au quotidien et sa forme \u00e9vas\u00e9e offre une belle contenance. &hellip;","og_url":"https:\/\/lumignonsetcompagnie.com\/index.php\/le-panier-rond\/","og_site_name":"Lumignons et compagnie","article_modified_time":"2023-09-23T14:19:08+00:00","og_image":[{"url":"https:\/\/lumignonsetcompagnie.com\/wp-content\/uploads\/2023\/09\/IMG_1452.jpg","type":"","width":"","height":""}],"twitter_card":"summary_large_image","schema":{"@context":"https:\/\/schema.org","@graph":[{"@type":"WebPage","@id":"https:\/\/lumignonsetcompagnie.com\/index.php\/le-panier-rond\/","url":"https:\/\/lumignonsetcompagnie.com\/index.php\/le-panier-rond\/","name":"Le panier rond - Lumignons et compagnie","isPartOf":{"@id":"https:\/\/lumignonsetcompagnie.com\/#website"},"primaryImageOfPage":{"@id":"https:\/\/lumignonsetcompagnie.com\/index.php\/le-panier-rond\/#primaryimage"},"image":{"@id":"https:\/\/lumignonsetcompagnie.com\/index.php\/le-panier-rond\/#primaryimage"},"thumbnailUrl":"https:\/\/lumignonsetcompagnie.com\/wp-content\/uploads\/2023\/09\/IMG_1452.jpg","datePublished":"2023-07-27T12:31:09+00:00","dateModified":"2023-09-23T14:19:08+00:00","breadcrumb":{"@id":"https:\/\/lumignonsetcompagnie.com\/index.php\/le-panier-rond\/#breadcrumb"},"inLanguage":"fr-FR","potentialAction":[{"@type":"ReadAction","target":["https:\/\/lumignonsetcompagnie.com\/index.php\/le-panier-rond\/"]}]},{"@type":"ImageObject","inLanguage":"fr-FR","@id":"https:\/\/lumignonsetcompagnie.com\/index.php\/le-panier-rond\/#primaryimage","url":"https:\/\/lumignonsetcompagnie.com\/wp-content\/uploads\/2023\/09\/IMG_1452.jpg","contentUrl":"https:\/\/lumignonsetcompagnie.com\/wp-content\/uploads\/2023\/09\/IMG_1452.jpg","width":535,"height":640},{"@type":"BreadcrumbList","@id":"https:\/\/lumignonsetcompagnie.com\/index.php\/le-panier-rond\/#breadcrumb","itemListElement":[{"@type":"ListItem","position":1,"name":"Accueil","item":"https:\/\/lumignonsetcompagnie.com\/"},{"@type":"ListItem","position":2,"name":"Le panier rond"}]},{"@type":"WebSite","@id":"https:\/\/lumignonsetcompagnie.com\/#website","url":"https:\/\/lumignonsetcompagnie.com\/","name":"Lumignons et compagnie","description":"Objets d&#039;art et vannerie","potentialAction":[{"@type":"SearchAction","target":{"@type":"EntryPoint","urlTemplate":"https:\/\/lumignonsetcompagnie.com\/?s={search_term_string}"},"query-input":{"@type":"PropertyValueSpecification","valueRequired":true,"valueName":"search_term_string"}}],"inLanguage":"fr-FR"}]}},"_links":{"self":[{"href":"https:\/\/lumignonsetcompagnie.com\/index.php\/wp-json\/wp\/v2\/pages\/843","targetHints":{"allow":["GET"]}}],"collection":[{"href":"https:\/\/lumignonsetcompagnie.com\/index.php\/wp-json\/wp\/v2\/pages"}],"about":[{"href":"https:\/\/lumignonsetcompagnie.com\/index.php\/wp-json\/wp\/v2\/types\/page"}],"author":[{"embeddable":true,"href":"https:\/\/lumignonsetcompagnie.com\/index.php\/wp-json\/wp\/v2\/users\/2"}],"replies":[{"embeddable":true,"href":"https:\/\/lumignonsetcompagnie.com\/index.php\/wp-json\/wp\/v2\/comments?post=843"}],"version-history":[{"count":14,"href":"https:\/\/lumignonsetcompagnie.com\/index.php\/wp-json\/wp\/v2\/pages\/843\/revisions"}],"predecessor-version":[{"id":1208,"href":"https:\/\/lumignonsetcompagnie.com\/index.php\/wp-json\/wp\/v2\/pages\/843\/revisions\/1208"}],"wp:attachment":[{"href":"https:\/\/lumignonsetcompagnie.com\/index.php\/wp-json\/wp\/v2\/media?parent=843"}],"curies":[{"name":"wp","href":"https:\/\/api.w.org\/{rel}","templated":true}]}}