{"id":852,"date":"2023-07-27T14:16:40","date_gmt":"2023-07-27T12:16:40","guid":{"rendered":"https:\/\/lumignonsetcompagnie.com\/?page_id=852"},"modified":"2023-09-23T16:19:08","modified_gmt":"2023-09-23T14:19:08","slug":"manne-2","status":"publish","type":"page","link":"https:\/\/lumignonsetcompagnie.com\/index.php\/manne-2\/","title":{"rendered":"Mannes"},"content":{"rendered":"\n<p class=\"has-text-color\" style=\"color:#ec6a0c;font-size:22px\"><strong>Mannes<\/strong><\/p>\n\n\n\n<p style=\"font-size:16px\"><strong>Esth\u00e9tique et tr\u00e8s utile, dans la maison ou au jardin. <strong>Ce panier est muni de deux anses lat\u00e9rales. <\/strong>A la demande, la vanni\u00e8re utilisera diff\u00e9rentes techniques de tressage afin d&rsquo;en assurer la solidit\u00e9.<\/strong> <strong>Les dimensions sont modulables.<\/strong><\/p>\n\n\n\n<div class=\"wp-block-media-text alignwide has-media-on-the-right is-stacked-on-mobile\" style=\"grid-template-columns:auto 46%\"><div class=\"wp-block-media-text__content\">\n<div style=\"height:103px\" aria-hidden=\"true\" class=\"wp-block-spacer\"><\/div>\n\n\n\n<p class=\"has-text-align-right\" style=\"font-size:18px\"><strong><mark style=\"background-color:rgba(0, 0, 0, 0);color:#9f6a45\" class=\"has-inline-color\">La Manne, osier brut<\/mark><\/strong><\/p>\n\n\n\n<pre class=\"wp-block-verse has-text-align-right\" style=\"font-size:15px\"><sup><sub><strong>Osier brut, avec une cl\u00f4ture Damass\u00e9e.<\/strong><\/sub><\/sup>\nDimensions : fond 38 cm, hauteur 30 cm, ouverture 45 cm<\/pre>\n\n\n\n<div style=\"height:135px\" aria-hidden=\"true\" class=\"wp-block-spacer\"><\/div>\n<\/div><figure class=\"wp-block-media-text__media\"><img loading=\"lazy\" decoding=\"async\" width=\"640\" height=\"480\" src=\"https:\/\/lumignonsetcompagnie.com\/wp-content\/uploads\/2023\/07\/Manne-damassee-rotated.jpg\" alt=\"\" class=\"wp-image-598 size-full\" srcset=\"https:\/\/lumignonsetcompagnie.com\/wp-content\/uploads\/2023\/07\/Manne-damassee-rotated.jpg 640w, https:\/\/lumignonsetcompagnie.com\/wp-content\/uploads\/2023\/07\/Manne-damassee-300x225.jpg 300w, https:\/\/lumignonsetcompagnie.com\/wp-content\/uploads\/2023\/07\/Manne-damassee-80x60.jpg 80w\" sizes=\"auto, (max-width: 640px) 100vw, 640px\" \/><\/figure><\/div>\n\n\n\n<div class=\"wp-block-media-text is-stacked-on-mobile is-vertically-aligned-top\" style=\"grid-template-columns:49% auto\"><figure class=\"wp-block-media-text__media\"><img loading=\"lazy\" decoding=\"async\" width=\"534\" height=\"640\" src=\"https:\/\/lumignonsetcompagnie.com\/wp-content\/uploads\/2023\/09\/IMG_1638.jpg\" alt=\"\" class=\"wp-image-1124 size-full\" srcset=\"https:\/\/lumignonsetcompagnie.com\/wp-content\/uploads\/2023\/09\/IMG_1638.jpg 534w, https:\/\/lumignonsetcompagnie.com\/wp-content\/uploads\/2023\/09\/IMG_1638-250x300.jpg 250w, https:\/\/lumignonsetcompagnie.com\/wp-content\/uploads\/2023\/09\/IMG_1638-50x60.jpg 50w\" sizes=\"auto, (max-width: 534px) 100vw, 534px\" \/><\/figure><div class=\"wp-block-media-text__content\">\n<p style=\"font-size:18px\"><mark style=\"background-color:rgba(0, 0, 0, 0);color:#e4bc50\" class=\"has-inline-color\"><strong> <\/strong><\/mark><\/p>\n\n\n\n<p style=\"font-size:18px\"><mark style=\"background-color:rgba(0, 0, 0, 0);color:#e4bc50\" class=\"has-inline-color\"><strong>La Manne, osier blanc<\/strong><\/mark><\/p>\n\n\n\n<pre class=\"wp-block-verse\" style=\"font-size:14px\"><sup><sub><strong>Osier blanc, <em>osier \u00e9corc\u00e9<\/em>, avec une cl\u00f4ture Crocane.<\/strong><\/sub><\/sup>\nDimensions : fond 28 cm, hauteur 30 cm, ouverture 40 cm<\/pre>\n\n\n\n<div style=\"height:331px\" aria-hidden=\"true\" class=\"wp-block-spacer\"><\/div>\n<\/div><\/div>\n\n\n\n<div class=\"wp-block-media-text has-media-on-the-right is-stacked-on-mobile is-vertically-aligned-top\" style=\"grid-template-columns:auto 47%\"><div class=\"wp-block-media-text__content\">\n<div style=\"height:82px\" aria-hidden=\"true\" class=\"wp-block-spacer\"><\/div>\n\n\n\n<p class=\"has-text-align-right\" style=\"font-size:18px\"><mark style=\"background-color:rgba(0, 0, 0, 0);color:#b09240\" class=\"has-inline-color\"><strong>Corbeille \u00e0 lessive traditionnelle osier brut, r\u00e9alisable en osier blanc, <\/strong><\/mark>   <\/p>\n\n\n\n<p class=\"has-text-align-right\" style=\"font-size:18px\"> V<sup><strong>annerie \u00e0 jour <\/strong><\/sup><\/p>\n\n\n\n<pre class=\"wp-block-verse has-text-align-right has-small-font-size\">Dimensions : bas 20 X 35 cm-haut 25 X 45cm hauteur 20 cm<\/pre>\n<\/div><figure class=\"wp-block-media-text__media\"><img loading=\"lazy\" decoding=\"async\" width=\"480\" height=\"640\" src=\"https:\/\/lumignonsetcompagnie.com\/wp-content\/uploads\/2023\/07\/Corbeille-a-lessive-rotated.jpg\" alt=\"\" class=\"wp-image-592 size-full\" srcset=\"https:\/\/lumignonsetcompagnie.com\/wp-content\/uploads\/2023\/07\/Corbeille-a-lessive-rotated.jpg 480w, https:\/\/lumignonsetcompagnie.com\/wp-content\/uploads\/2023\/07\/Corbeille-a-lessive-225x300.jpg 225w, https:\/\/lumignonsetcompagnie.com\/wp-content\/uploads\/2023\/07\/Corbeille-a-lessive-45x60.jpg 45w\" sizes=\"auto, (max-width: 480px) 100vw, 480px\" \/><\/figure><\/div>\n","protected":false},"excerpt":{"rendered":"<p>Mannes Esth\u00e9tique et tr\u00e8s utile, dans la maison ou au jardin. Ce panier est muni de deux anses lat\u00e9rales. A la demande, la vanni\u00e8re utilisera &hellip; <\/p>\n","protected":false},"author":2,"featured_media":0,"parent":0,"menu_order":0,"comment_status":"closed","ping_status":"closed","template":"","meta":{"iawp_total_views":31,"footnotes":""},"class_list":["post-852","page","type-page","status-publish","hentry"],"yoast_head":"<!-- This site is optimized with the Yoast SEO plugin v27.5 - https:\/\/yoast.com\/product\/yoast-seo-wordpress\/ -->\n<title>Mannes - Lumignons et compagnie<\/title>\n<meta name=\"robots\" content=\"index, follow, max-snippet:-1, max-image-preview:large, max-video-preview:-1\" \/>\n<link rel=\"canonical\" href=\"https:\/\/lumignonsetcompagnie.com\/index.php\/manne-2\/\" \/>\n<meta property=\"og:locale\" content=\"fr_FR\" \/>\n<meta property=\"og:type\" content=\"article\" \/>\n<meta property=\"og:title\" content=\"Mannes - Lumignons et compagnie\" \/>\n<meta property=\"og:description\" content=\"Mannes Esth\u00e9tique et tr\u00e8s utile, dans la maison ou au jardin. Ce panier est muni de deux anses lat\u00e9rales. A la demande, la vanni\u00e8re utilisera &hellip;\" \/>\n<meta property=\"og:url\" content=\"https:\/\/lumignonsetcompagnie.com\/index.php\/manne-2\/\" \/>\n<meta property=\"og:site_name\" content=\"Lumignons et compagnie\" \/>\n<meta property=\"article:modified_time\" content=\"2023-09-23T14:19:08+00:00\" \/>\n<meta property=\"og:image\" content=\"https:\/\/lumignonsetcompagnie.com\/wp-content\/uploads\/2023\/07\/Manne-damassee-rotated.jpg\" \/>\n<meta name=\"twitter:card\" content=\"summary_large_image\" \/>\n<meta name=\"twitter:label1\" content=\"Dur\u00e9e de lecture estim\u00e9e\" \/>\n\t<meta name=\"twitter:data1\" content=\"1 minute\" \/>\n<script type=\"application\/ld+json\" class=\"yoast-schema-graph\">{\"@context\":\"https:\\\/\\\/schema.org\",\"@graph\":[{\"@type\":\"WebPage\",\"@id\":\"https:\\\/\\\/lumignonsetcompagnie.com\\\/index.php\\\/manne-2\\\/\",\"url\":\"https:\\\/\\\/lumignonsetcompagnie.com\\\/index.php\\\/manne-2\\\/\",\"name\":\"Mannes - Lumignons et compagnie\",\"isPartOf\":{\"@id\":\"https:\\\/\\\/lumignonsetcompagnie.com\\\/#website\"},\"primaryImageOfPage\":{\"@id\":\"https:\\\/\\\/lumignonsetcompagnie.com\\\/index.php\\\/manne-2\\\/#primaryimage\"},\"image\":{\"@id\":\"https:\\\/\\\/lumignonsetcompagnie.com\\\/index.php\\\/manne-2\\\/#primaryimage\"},\"thumbnailUrl\":\"https:\\\/\\\/lumignonsetcompagnie.com\\\/wp-content\\\/uploads\\\/2023\\\/07\\\/Manne-damassee-rotated.jpg\",\"datePublished\":\"2023-07-27T12:16:40+00:00\",\"dateModified\":\"2023-09-23T14:19:08+00:00\",\"breadcrumb\":{\"@id\":\"https:\\\/\\\/lumignonsetcompagnie.com\\\/index.php\\\/manne-2\\\/#breadcrumb\"},\"inLanguage\":\"fr-FR\",\"potentialAction\":[{\"@type\":\"ReadAction\",\"target\":[\"https:\\\/\\\/lumignonsetcompagnie.com\\\/index.php\\\/manne-2\\\/\"]}]},{\"@type\":\"ImageObject\",\"inLanguage\":\"fr-FR\",\"@id\":\"https:\\\/\\\/lumignonsetcompagnie.com\\\/index.php\\\/manne-2\\\/#primaryimage\",\"url\":\"https:\\\/\\\/lumignonsetcompagnie.com\\\/wp-content\\\/uploads\\\/2023\\\/07\\\/Manne-damassee-rotated.jpg\",\"contentUrl\":\"https:\\\/\\\/lumignonsetcompagnie.com\\\/wp-content\\\/uploads\\\/2023\\\/07\\\/Manne-damassee-rotated.jpg\",\"width\":640,\"height\":480},{\"@type\":\"BreadcrumbList\",\"@id\":\"https:\\\/\\\/lumignonsetcompagnie.com\\\/index.php\\\/manne-2\\\/#breadcrumb\",\"itemListElement\":[{\"@type\":\"ListItem\",\"position\":1,\"name\":\"Accueil\",\"item\":\"https:\\\/\\\/lumignonsetcompagnie.com\\\/\"},{\"@type\":\"ListItem\",\"position\":2,\"name\":\"Mannes\"}]},{\"@type\":\"WebSite\",\"@id\":\"https:\\\/\\\/lumignonsetcompagnie.com\\\/#website\",\"url\":\"https:\\\/\\\/lumignonsetcompagnie.com\\\/\",\"name\":\"Lumignons et compagnie\",\"description\":\"Objets d&#039;art et vannerie\",\"potentialAction\":[{\"@type\":\"SearchAction\",\"target\":{\"@type\":\"EntryPoint\",\"urlTemplate\":\"https:\\\/\\\/lumignonsetcompagnie.com\\\/?s={search_term_string}\"},\"query-input\":{\"@type\":\"PropertyValueSpecification\",\"valueRequired\":true,\"valueName\":\"search_term_string\"}}],\"inLanguage\":\"fr-FR\"}]}<\/script>\n<!-- \/ Yoast SEO plugin. -->","yoast_head_json":{"title":"Mannes - Lumignons et compagnie","robots":{"index":"index","follow":"follow","max-snippet":"max-snippet:-1","max-image-preview":"max-image-preview:large","max-video-preview":"max-video-preview:-1"},"canonical":"https:\/\/lumignonsetcompagnie.com\/index.php\/manne-2\/","og_locale":"fr_FR","og_type":"article","og_title":"Mannes - Lumignons et compagnie","og_description":"Mannes Esth\u00e9tique et tr\u00e8s utile, dans la maison ou au jardin. Ce panier est muni de deux anses lat\u00e9rales. A la demande, la vanni\u00e8re utilisera &hellip;","og_url":"https:\/\/lumignonsetcompagnie.com\/index.php\/manne-2\/","og_site_name":"Lumignons et compagnie","article_modified_time":"2023-09-23T14:19:08+00:00","og_image":[{"url":"https:\/\/lumignonsetcompagnie.com\/wp-content\/uploads\/2023\/07\/Manne-damassee-rotated.jpg","type":"","width":"","height":""}],"twitter_card":"summary_large_image","twitter_misc":{"Dur\u00e9e de lecture estim\u00e9e":"1 minute"},"schema":{"@context":"https:\/\/schema.org","@graph":[{"@type":"WebPage","@id":"https:\/\/lumignonsetcompagnie.com\/index.php\/manne-2\/","url":"https:\/\/lumignonsetcompagnie.com\/index.php\/manne-2\/","name":"Mannes - Lumignons et compagnie","isPartOf":{"@id":"https:\/\/lumignonsetcompagnie.com\/#website"},"primaryImageOfPage":{"@id":"https:\/\/lumignonsetcompagnie.com\/index.php\/manne-2\/#primaryimage"},"image":{"@id":"https:\/\/lumignonsetcompagnie.com\/index.php\/manne-2\/#primaryimage"},"thumbnailUrl":"https:\/\/lumignonsetcompagnie.com\/wp-content\/uploads\/2023\/07\/Manne-damassee-rotated.jpg","datePublished":"2023-07-27T12:16:40+00:00","dateModified":"2023-09-23T14:19:08+00:00","breadcrumb":{"@id":"https:\/\/lumignonsetcompagnie.com\/index.php\/manne-2\/#breadcrumb"},"inLanguage":"fr-FR","potentialAction":[{"@type":"ReadAction","target":["https:\/\/lumignonsetcompagnie.com\/index.php\/manne-2\/"]}]},{"@type":"ImageObject","inLanguage":"fr-FR","@id":"https:\/\/lumignonsetcompagnie.com\/index.php\/manne-2\/#primaryimage","url":"https:\/\/lumignonsetcompagnie.com\/wp-content\/uploads\/2023\/07\/Manne-damassee-rotated.jpg","contentUrl":"https:\/\/lumignonsetcompagnie.com\/wp-content\/uploads\/2023\/07\/Manne-damassee-rotated.jpg","width":640,"height":480},{"@type":"BreadcrumbList","@id":"https:\/\/lumignonsetcompagnie.com\/index.php\/manne-2\/#breadcrumb","itemListElement":[{"@type":"ListItem","position":1,"name":"Accueil","item":"https:\/\/lumignonsetcompagnie.com\/"},{"@type":"ListItem","position":2,"name":"Mannes"}]},{"@type":"WebSite","@id":"https:\/\/lumignonsetcompagnie.com\/#website","url":"https:\/\/lumignonsetcompagnie.com\/","name":"Lumignons et compagnie","description":"Objets d&#039;art et vannerie","potentialAction":[{"@type":"SearchAction","target":{"@type":"EntryPoint","urlTemplate":"https:\/\/lumignonsetcompagnie.com\/?s={search_term_string}"},"query-input":{"@type":"PropertyValueSpecification","valueRequired":true,"valueName":"search_term_string"}}],"inLanguage":"fr-FR"}]}},"_links":{"self":[{"href":"https:\/\/lumignonsetcompagnie.com\/index.php\/wp-json\/wp\/v2\/pages\/852","targetHints":{"allow":["GET"]}}],"collection":[{"href":"https:\/\/lumignonsetcompagnie.com\/index.php\/wp-json\/wp\/v2\/pages"}],"about":[{"href":"https:\/\/lumignonsetcompagnie.com\/index.php\/wp-json\/wp\/v2\/types\/page"}],"author":[{"embeddable":true,"href":"https:\/\/lumignonsetcompagnie.com\/index.php\/wp-json\/wp\/v2\/users\/2"}],"replies":[{"embeddable":true,"href":"https:\/\/lumignonsetcompagnie.com\/index.php\/wp-json\/wp\/v2\/comments?post=852"}],"version-history":[{"count":26,"href":"https:\/\/lumignonsetcompagnie.com\/index.php\/wp-json\/wp\/v2\/pages\/852\/revisions"}],"predecessor-version":[{"id":1172,"href":"https:\/\/lumignonsetcompagnie.com\/index.php\/wp-json\/wp\/v2\/pages\/852\/revisions\/1172"}],"wp:attachment":[{"href":"https:\/\/lumignonsetcompagnie.com\/index.php\/wp-json\/wp\/v2\/media?parent=852"}],"curies":[{"name":"wp","href":"https:\/\/api.w.org\/{rel}","templated":true}]}}